{"id":368,"date":"2025-07-25T10:48:01","date_gmt":"2025-07-25T08:48:01","guid":{"rendered":"https:\/\/ttw.nl\/?page_id=368"},"modified":"2025-08-28T12:49:55","modified_gmt":"2025-08-28T10:49:55","slug":"contact","status":"publish","type":"page","link":"https:\/\/ttw.nl\/en\/contact\/","title":{"rendered":"Contact"},"content":{"rendered":"\t\t<div data-elementor-type=\"wp-page\" data-elementor-id=\"368\" class=\"elementor elementor-368\" data-elementor-post-type=\"page\">\n\t\t\t\t<div class=\"elementor-element elementor-element-0359b5d e-flex e-con-boxed e-con e-parent\" data-id=\"0359b5d\" data-element_type=\"container\" data-e-type=\"container\">\n\t\t\t\t\t<div class=\"e-con-inner\">\n\t\t<div class=\"elementor-element elementor-element-bc686aa e-con-full e-flex e-con e-child\" data-id=\"bc686aa\" data-element_type=\"container\" data-e-type=\"container\" data-settings=\"{&quot;position&quot;:&quot;absolute&quot;}\">\n\t\t\t\t<div class=\"elementor-element elementor-element-2fc44a1 elementor-widget elementor-widget-image\" data-id=\"2fc44a1\" data-element_type=\"widget\" data-e-type=\"widget\" data-widget_type=\"image.default\">\n\t\t\t\t<div class=\"elementor-widget-container\">\n\t\t\t\t\t\t\t\t\t\t\t\t\t\t\t<img fetchpriority=\"high\" decoding=\"async\" width=\"800\" height=\"450\" src=\"https:\/\/ttw.nl\/wp-content\/uploads\/2025\/08\/Jos-Vrolijk-TTW-Sommelsdijk-18-scaled-1-1024x576.webp\" class=\"attachment-large size-large wp-image-1158\" alt=\"\" srcset=\"https:\/\/ttw.nl\/wp-content\/uploads\/2025\/08\/Jos-Vrolijk-TTW-Sommelsdijk-18-scaled-1-1024x576.webp 1024w, https:\/\/ttw.nl\/wp-content\/uploads\/2025\/08\/Jos-Vrolijk-TTW-Sommelsdijk-18-scaled-1-300x169.webp 300w, https:\/\/ttw.nl\/wp-content\/uploads\/2025\/08\/Jos-Vrolijk-TTW-Sommelsdijk-18-scaled-1-768x432.webp 768w, https:\/\/ttw.nl\/wp-content\/uploads\/2025\/08\/Jos-Vrolijk-TTW-Sommelsdijk-18-scaled-1-1536x864.webp 1536w, https:\/\/ttw.nl\/wp-content\/uploads\/2025\/08\/Jos-Vrolijk-TTW-Sommelsdijk-18-scaled-1-18x10.webp 18w, https:\/\/ttw.nl\/wp-content\/uploads\/2025\/08\/Jos-Vrolijk-TTW-Sommelsdijk-18-scaled-1.webp 2048w\" sizes=\"(max-width: 800px) 100vw, 800px\" \/>\t\t\t\t\t\t\t\t\t\t\t\t\t\t\t<\/div>\n\t\t\t\t<\/div>\n\t\t\t\t<\/div>\n\t\t<div class=\"elementor-element elementor-element-f92ef5b e-con-full e-flex e-con e-child\" data-id=\"f92ef5b\" data-element_type=\"container\" data-e-type=\"container\">\n\t\t\t\t<div class=\"elementor-element elementor-element-209b67e elementor-widget elementor-widget-heading\" data-id=\"209b67e\" data-element_type=\"widget\" data-e-type=\"widget\" data-widget_type=\"heading.default\">\n\t\t\t\t<div class=\"elementor-widget-container\">\n\t\t\t\t\t<h1 class=\"elementor-heading-title elementor-size-default\">Contact<\/h1>\t\t\t\t<\/div>\n\t\t\t\t<\/div>\n\t\t\t\t<div class=\"elementor-element elementor-element-5666cd1 elementor-widget elementor-widget-text-editor\" data-id=\"5666cd1\" data-element_type=\"widget\" data-e-type=\"widget\" data-widget_type=\"text-editor.default\">\n\t\t\t\t<div class=\"elementor-widget-container\">\n\t\t\t\t\t\t\t\t\t<p>Een vraag of meer informatie?<\/p>\t\t\t\t\t\t\t\t<\/div>\n\t\t\t\t<\/div>\n\t\t\t\t<\/div>\n\t\t\t\t\t<\/div>\n\t\t\t\t<\/div>\n\t\t<div class=\"elementor-element elementor-element-177831d e-flex e-con-boxed e-con e-parent\" data-id=\"177831d\" data-element_type=\"container\" data-e-type=\"container\" data-settings=\"{&quot;background_background&quot;:&quot;gradient&quot;}\">\n\t\t\t\t\t<div class=\"e-con-inner\">\n\t\t<div class=\"elementor-element elementor-element-6e8bf79 e-con-full e-flex e-con e-child\" data-id=\"6e8bf79\" data-element_type=\"container\" data-e-type=\"container\">\n\t\t<div class=\"elementor-element elementor-element-58397c4 e-con-full e-flex e-con e-child\" data-id=\"58397c4\" data-element_type=\"container\" data-e-type=\"container\" data-settings=\"{&quot;background_background&quot;:&quot;classic&quot;}\">\n\t\t\t\t<div class=\"elementor-element elementor-element-30867e9 elementor-view-stacked elementor-shape-circle elementor-widget elementor-widget-icon\" data-id=\"30867e9\" data-element_type=\"widget\" data-e-type=\"widget\" data-widget_type=\"icon.default\">\n\t\t\t\t<div class=\"elementor-widget-container\">\n\t\t\t\t\t\t\t<div class=\"elementor-icon-wrapper\">\n\t\t\t<div class=\"elementor-icon\">\n\t\t\t<svg aria-hidden=\"true\" class=\"e-font-icon-svg e-fas-phone-alt\" viewBox=\"0 0 512 512\" xmlns=\"http:\/\/www.w3.org\/2000\/svg\"><path d=\"M497.39 361.8l-112-48a24 24 0 0 0-28 6.9l-49.6 60.6A370.66 370.66 0 0 1 130.6 204.11l60.6-49.6a23.94 23.94 0 0 0 6.9-28l-48-112A24.16 24.16 0 0 0 122.6.61l-104 24A24 24 0 0 0 0 48c0 256.5 207.9 464 464 464a24 24 0 0 0 23.4-18.6l24-104a24.29 24.29 0 0 0-14.01-27.6z\"><\/path><\/svg>\t\t\t<\/div>\n\t\t<\/div>\n\t\t\t\t\t\t<\/div>\n\t\t\t\t<\/div>\n\t\t\t\t<div class=\"elementor-element elementor-element-5c54441 elementor-widget elementor-widget-heading\" data-id=\"5c54441\" data-element_type=\"widget\" data-e-type=\"widget\" data-widget_type=\"heading.default\">\n\t\t\t\t<div class=\"elementor-widget-container\">\n\t\t\t\t\t<h3 class=\"elementor-heading-title elementor-size-default\"><a href=\"tel:+31(0)%20187%20648%20222\">+31(0) 187 648 222<\/a><\/h3>\t\t\t\t<\/div>\n\t\t\t\t<\/div>\n\t\t\t\t<div class=\"elementor-element elementor-element-015c22a elementor-widget elementor-widget-text-editor\" data-id=\"015c22a\" data-element_type=\"widget\" data-e-type=\"widget\" data-widget_type=\"text-editor.default\">\n\t\t\t\t<div class=\"elementor-widget-container\">\n\t\t\t\t\t\t\t\t\t<p>Tijdens werkdagen: 08.00 &#8211; 17.00<\/p>\t\t\t\t\t\t\t\t<\/div>\n\t\t\t\t<\/div>\n\t\t\t\t<\/div>\n\t\t<div class=\"elementor-element elementor-element-da2f869 e-con-full e-flex e-con e-child\" data-id=\"da2f869\" data-element_type=\"container\" data-e-type=\"container\" data-settings=\"{&quot;background_background&quot;:&quot;classic&quot;}\">\n\t\t\t\t<div class=\"elementor-element elementor-element-85312a1 elementor-view-stacked elementor-shape-circle elementor-widget elementor-widget-icon\" data-id=\"85312a1\" data-element_type=\"widget\" data-e-type=\"widget\" data-widget_type=\"icon.default\">\n\t\t\t\t<div class=\"elementor-widget-container\">\n\t\t\t\t\t\t\t<div class=\"elementor-icon-wrapper\">\n\t\t\t<div class=\"elementor-icon\">\n\t\t\t<svg aria-hidden=\"true\" class=\"e-font-icon-svg e-fas-envelope\" viewBox=\"0 0 512 512\" xmlns=\"http:\/\/www.w3.org\/2000\/svg\"><path d=\"M502.3 190.8c3.9-3.1 9.7-.2 9.7 4.7V400c0 26.5-21.5 48-48 48H48c-26.5 0-48-21.5-48-48V195.6c0-5 5.7-7.8 9.7-4.7 22.4 17.4 52.1 39.5 154.1 113.6 21.1 15.4 56.7 47.8 92.2 47.6 35.7.3 72-32.8 92.3-47.6 102-74.1 131.6-96.3 154-113.7zM256 320c23.2.4 56.6-29.2 73.4-41.4 132.7-96.3 142.8-104.7 173.4-128.7 5.8-4.5 9.2-11.5 9.2-18.9v-19c0-26.5-21.5-48-48-48H48C21.5 64 0 85.5 0 112v19c0 7.4 3.4 14.3 9.2 18.9 30.6 23.9 40.7 32.4 173.4 128.7 16.8 12.2 50.2 41.8 73.4 41.4z\"><\/path><\/svg>\t\t\t<\/div>\n\t\t<\/div>\n\t\t\t\t\t\t<\/div>\n\t\t\t\t<\/div>\n\t\t\t\t<div class=\"elementor-element elementor-element-9f742d8 elementor-widget elementor-widget-heading\" data-id=\"9f742d8\" data-element_type=\"widget\" data-e-type=\"widget\" data-widget_type=\"heading.default\">\n\t\t\t\t<div class=\"elementor-widget-container\">\n\t\t\t\t\t<h3 class=\"elementor-heading-title elementor-size-default\"><a href=\"mailto:info@ttw.nl\">info@ttw.nl<\/a><\/h3>\t\t\t\t<\/div>\n\t\t\t\t<\/div>\n\t\t\t\t<div class=\"elementor-element elementor-element-6d8030e elementor-widget elementor-widget-text-editor\" data-id=\"6d8030e\" data-element_type=\"widget\" data-e-type=\"widget\" data-widget_type=\"text-editor.default\">\n\t\t\t\t<div class=\"elementor-widget-container\">\n\t\t\t\t\t\t\t\t\t<p>Reactie binnen \u00e9\u00e9n werkdag<\/p>\t\t\t\t\t\t\t\t<\/div>\n\t\t\t\t<\/div>\n\t\t\t\t<\/div>\n\t\t<div class=\"elementor-element elementor-element-14c277d e-con-full e-flex e-con e-child\" data-id=\"14c277d\" data-element_type=\"container\" data-e-type=\"container\" data-settings=\"{&quot;background_background&quot;:&quot;classic&quot;}\">\n\t\t\t\t<div class=\"elementor-element elementor-element-2c376ca elementor-view-stacked elementor-shape-circle elementor-widget elementor-widget-icon\" data-id=\"2c376ca\" data-element_type=\"widget\" data-e-type=\"widget\" data-widget_type=\"icon.default\">\n\t\t\t\t<div class=\"elementor-widget-container\">\n\t\t\t\t\t\t\t<div class=\"elementor-icon-wrapper\">\n\t\t\t<div class=\"elementor-icon\">\n\t\t\t<svg aria-hidden=\"true\" class=\"e-font-icon-svg e-fas-map-marker-alt\" viewBox=\"0 0 384 512\" xmlns=\"http:\/\/www.w3.org\/2000\/svg\"><path d=\"M172.268 501.67C26.97 291.031 0 269.413 0 192 0 85.961 85.961 0 192 0s192 85.961 192 192c0 77.413-26.97 99.031-172.268 309.67-9.535 13.774-29.93 13.773-39.464 0zM192 272c44.183 0 80-35.817 80-80s-35.817-80-80-80-80 35.817-80 80 35.817 80 80 80z\"><\/path><\/svg>\t\t\t<\/div>\n\t\t<\/div>\n\t\t\t\t\t\t<\/div>\n\t\t\t\t<\/div>\n\t\t\t\t<div class=\"elementor-element elementor-element-ab312f2 elementor-widget elementor-widget-heading\" data-id=\"ab312f2\" data-element_type=\"widget\" data-e-type=\"widget\" data-widget_type=\"heading.default\">\n\t\t\t\t<div class=\"elementor-widget-container\">\n\t\t\t\t\t<h3 class=\"elementor-heading-title elementor-size-default\"><a href=\"https:\/\/maps.app.goo.gl\/jefXRJe2W5PYM4nE8\" target=\"_blank\">Stratensweg 4, Sommelsdijk<\/a><\/h3>\t\t\t\t<\/div>\n\t\t\t\t<\/div>\n\t\t\t\t<div class=\"elementor-element elementor-element-8361f80 elementor-widget elementor-widget-text-editor\" data-id=\"8361f80\" data-element_type=\"widget\" data-e-type=\"widget\" data-widget_type=\"text-editor.default\">\n\t\t\t\t<div class=\"elementor-widget-container\">\n\t\t\t\t\t\t\t\t\t<p>Bezoek alleen op afspraak<\/p>\t\t\t\t\t\t\t\t<\/div>\n\t\t\t\t<\/div>\n\t\t\t\t<\/div>\n\t\t\t\t<\/div>\n\t\t\t\t\t<\/div>\n\t\t\t\t<\/div>\n\t\t<div class=\"elementor-element elementor-element-d977a76 e-flex e-con-boxed e-con e-parent\" data-id=\"d977a76\" data-element_type=\"container\" data-e-type=\"container\" data-settings=\"{&quot;background_background&quot;:&quot;classic&quot;}\">\n\t\t\t\t\t<div class=\"e-con-inner\">\n\t\t<div class=\"elementor-element elementor-element-aeb55ed e-con-full e-flex e-con e-child\" data-id=\"aeb55ed\" data-element_type=\"container\" data-e-type=\"container\">\n\t\t\t\t<div class=\"elementor-element elementor-element-044958e elementor-widget elementor-widget-heading\" data-id=\"044958e\" data-element_type=\"widget\" data-e-type=\"widget\" data-widget_type=\"heading.default\">\n\t\t\t\t<div class=\"elementor-widget-container\">\n\t\t\t\t\t<h2 class=\"elementor-heading-title elementor-size-default\">Contactformulier<\/h2>\t\t\t\t<\/div>\n\t\t\t\t<\/div>\n\t\t\t\t<div class=\"elementor-element elementor-element-0f09d94 elementor-widget elementor-widget-text-editor\" data-id=\"0f09d94\" data-element_type=\"widget\" data-e-type=\"widget\" data-widget_type=\"text-editor.default\">\n\t\t\t\t<div class=\"elementor-widget-container\">\n\t\t\t\t\t\t\t\t\t<p>Reactie binnen \u00e9\u00e9n werkdag<\/p>\t\t\t\t\t\t\t\t<\/div>\n\t\t\t\t<\/div>\n\t\t\t\t<\/div>\n\t\t\t\t<div class=\"elementor-element elementor-element-48815cf elementor-button-align-start elementor-widget__width-initial elementor-widget-mobile__width-inherit elementor-widget elementor-widget-form\" data-id=\"48815cf\" data-element_type=\"widget\" data-e-type=\"widget\" data-settings=\"{&quot;step_next_label&quot;:&quot;Volgende&quot;,&quot;step_previous_label&quot;:&quot;Vorige&quot;,&quot;button_width&quot;:&quot;100&quot;,&quot;step_type&quot;:&quot;number_text&quot;,&quot;step_icon_shape&quot;:&quot;circle&quot;}\" data-widget_type=\"form.default\">\n\t\t\t\t<div class=\"elementor-widget-container\">\n\t\t\t\t\t\t\t<form class=\"elementor-form\" method=\"post\" name=\"Contactpagina\" aria-label=\"Contactpagina\">\n\t\t\t<input type=\"hidden\" name=\"post_id\" value=\"368\"\/>\n\t\t\t<input type=\"hidden\" name=\"form_id\" value=\"48815cf\"\/>\n\t\t\t<input type=\"hidden\" name=\"referer_title\" value=\"TTW-Systeem B.V.\" \/>\n\n\t\t\t\n\t\t\t<div class=\"elementor-form-fields-wrapper elementor-labels-above\">\n\t\t\t\t\t\t\t\t<div class=\"elementor-field-type-text elementor-field-group elementor-column elementor-field-group-name elementor-col-100\">\n\t\t\t\t\t\t\t\t\t\t\t\t<label for=\"form-field-name\" class=\"elementor-field-label\">\n\t\t\t\t\t\t\t\tNaam\t\t\t\t\t\t\t<\/label>\n\t\t\t\t\t\t\t\t\t\t\t\t\t\t<input size=\"1\" type=\"text\" name=\"form_fields[name]\" id=\"form-field-name\" class=\"elementor-field elementor-size-sm  elementor-field-textual\" placeholder=\"Uw voor- en achternaam\">\n\t\t\t\t\t\t\t\t\t\t\t<\/div>\n\t\t\t\t\t\t\t\t<div class=\"elementor-field-type-email elementor-field-group elementor-column elementor-field-group-email elementor-col-50 elementor-field-required elementor-mark-required\">\n\t\t\t\t\t\t\t\t\t\t\t\t<label for=\"form-field-email\" class=\"elementor-field-label\">\n\t\t\t\t\t\t\t\tE-mail\t\t\t\t\t\t\t<\/label>\n\t\t\t\t\t\t\t\t\t\t\t\t\t\t<input size=\"1\" type=\"email\" name=\"form_fields[email]\" id=\"form-field-email\" class=\"elementor-field elementor-size-sm  elementor-field-textual\" placeholder=\"Uw e-mailadres\" required=\"required\">\n\t\t\t\t\t\t\t\t\t\t\t<\/div>\n\t\t\t\t\t\t\t\t<div class=\"elementor-field-type-tel elementor-field-group elementor-column elementor-field-group-field_0d463a6 elementor-col-50\">\n\t\t\t\t\t\t\t\t\t\t\t\t<label for=\"form-field-field_0d463a6\" class=\"elementor-field-label\">\n\t\t\t\t\t\t\t\tTelefoon\t\t\t\t\t\t\t<\/label>\n\t\t\t\t\t\t\t\t<input size=\"1\" type=\"tel\" name=\"form_fields[field_0d463a6]\" id=\"form-field-field_0d463a6\" class=\"elementor-field elementor-size-sm  elementor-field-textual\" placeholder=\"Uw telefoonnumer\" pattern=\"[0-9()#&amp;+*-=.]+\" title=\"Only numbers and phone characters (#, -, *, etc) are accepted.\">\n\n\t\t\t\t\t\t<\/div>\n\t\t\t\t\t\t\t\t<div class=\"elementor-field-type-text elementor-field-group elementor-column elementor-field-group-field_30f4fc3 elementor-col-100\">\n\t\t\t\t\t\t\t\t\t\t\t\t<label for=\"form-field-field_30f4fc3\" class=\"elementor-field-label\">\n\t\t\t\t\t\t\t\tOnderwerp\t\t\t\t\t\t\t<\/label>\n\t\t\t\t\t\t\t\t\t\t\t\t\t\t<input size=\"1\" type=\"text\" name=\"form_fields[field_30f4fc3]\" id=\"form-field-field_30f4fc3\" class=\"elementor-field elementor-size-sm  elementor-field-textual\" placeholder=\"Waar gaat uw bericht over?\">\n\t\t\t\t\t\t\t\t\t\t\t<\/div>\n\t\t\t\t\t\t\t\t<div class=\"elementor-field-type-textarea elementor-field-group elementor-column elementor-field-group-message elementor-col-100\">\n\t\t\t\t\t\t\t\t\t\t\t\t<label for=\"form-field-message\" class=\"elementor-field-label\">\n\t\t\t\t\t\t\t\tBericht\t\t\t\t\t\t\t<\/label>\n\t\t\t\t\t\t<textarea class=\"elementor-field-textual elementor-field  elementor-size-sm\" name=\"form_fields[message]\" id=\"form-field-message\" rows=\"7\" placeholder=\"Uw vraag, opmerking of suggestie\"><\/textarea>\t\t\t\t<\/div>\n\t\t\t\t\t\t\t\t<div class=\"elementor-field-type-recaptcha elementor-field-group elementor-column elementor-field-group-field_329269e elementor-col-100\">\n\t\t\t\t\t<div class=\"elementor-field\" id=\"form-field-field_329269e\"><div class=\"elementor-g-recaptcha\" data-sitekey=\"6LeXv7UrAAAAAPxbJVqHCjTiABNpF1xqhETGMEg6\" data-type=\"v2_checkbox\" data-theme=\"light\" data-size=\"normal\"><\/div><\/div>\t\t\t\t<\/div>\n\t\t\t\t\t\t\t\t<div class=\"elementor-field-group elementor-column elementor-field-type-submit elementor-col-100 e-form__buttons\">\n\t\t\t\t\t<button class=\"elementor-button elementor-size-sm elementor-animation-shrink\" type=\"submit\">\n\t\t\t\t\t\t<span class=\"elementor-button-content-wrapper\">\n\t\t\t\t\t\t\t\t\t\t\t\t\t\t\t<span class=\"elementor-button-icon\">\n\t\t\t\t\t\t\t\t\t<svg aria-hidden=\"true\" class=\"e-font-icon-svg e-fas-envelope\" viewBox=\"0 0 512 512\" xmlns=\"http:\/\/www.w3.org\/2000\/svg\"><path d=\"M502.3 190.8c3.9-3.1 9.7-.2 9.7 4.7V400c0 26.5-21.5 48-48 48H48c-26.5 0-48-21.5-48-48V195.6c0-5 5.7-7.8 9.7-4.7 22.4 17.4 52.1 39.5 154.1 113.6 21.1 15.4 56.7 47.8 92.2 47.6 35.7.3 72-32.8 92.3-47.6 102-74.1 131.6-96.3 154-113.7zM256 320c23.2.4 56.6-29.2 73.4-41.4 132.7-96.3 142.8-104.7 173.4-128.7 5.8-4.5 9.2-11.5 9.2-18.9v-19c0-26.5-21.5-48-48-48H48C21.5 64 0 85.5 0 112v19c0 7.4 3.4 14.3 9.2 18.9 30.6 23.9 40.7 32.4 173.4 128.7 16.8 12.2 50.2 41.8 73.4 41.4z\"><\/path><\/svg>\t\t\t\t\t\t\t\t\t\t\t\t\t\t\t\t\t<\/span>\n\t\t\t\t\t\t\t\t\t\t\t\t\t\t\t\t\t\t\t\t\t\t<span class=\"elementor-button-text\">Versturen<\/span>\n\t\t\t\t\t\t\t\t\t\t\t\t\t<\/span>\n\t\t\t\t\t<\/button>\n\t\t\t\t<\/div>\n\t\t\t<\/div>\n\t\t<\/form>\n\t\t\t\t\t\t<\/div>\n\t\t\t\t<\/div>\n\t\t\t\t\t<\/div>\n\t\t\t\t<\/div>\n\t\t<div class=\"elementor-element elementor-element-9b8ca9e e-con-full e-flex e-con e-parent\" data-id=\"9b8ca9e\" data-element_type=\"container\" data-e-type=\"container\">\n\t\t\t\t<div class=\"elementor-element elementor-element-7a135de elementor-widget elementor-widget-google_maps\" data-id=\"7a135de\" data-element_type=\"widget\" data-e-type=\"widget\" data-widget_type=\"google_maps.default\">\n\t\t\t\t<div class=\"elementor-widget-container\">\n\t\t\t\t\t\t\t<div class=\"elementor-custom-embed\">\n\t\t\t<iframe loading=\"lazy\"\n\t\t\t\t\tsrc=\"https:\/\/maps.google.com\/maps?q=ttw&#038;t=m&#038;z=13&#038;output=embed&#038;iwloc=near\"\n\t\t\t\t\ttitle=\"ttw\"\n\t\t\t\t\taria-label=\"ttw\"\n\t\t\t><\/iframe>\n\t\t<\/div>\n\t\t\t\t\t\t<\/div>\n\t\t\t\t<\/div>\n\t\t\t\t<\/div>\n\t\t\t\t<\/div>\n\t\t","protected":false},"excerpt":{"rendered":"<p>Contact Een vraag of meer informatie? Tijdens werkdagen: 08.00 &#8211; 17.00 Reactie binnen \u00e9\u00e9n werkdag Bezoek alleen op afspraak Contactformulier Reactie binnen \u00e9\u00e9n werkdag<\/p>","protected":false},"author":1,"featured_media":1158,"parent":0,"menu_order":50,"comment_status":"closed","ping_status":"closed","template":"","meta":{"_acf_changed":false,"footnotes":""},"class_list":["post-368","page","type-page","status-publish","has-post-thumbnail","hentry"],"acf":[],"yoast_head":"<!-- This site is optimized with the Yoast SEO plugin v27.5 - https:\/\/yoast.com\/product\/yoast-seo-wordpress\/ -->\n<title>Contact - TTW-Systeem B.V.<\/title>\n<meta name=\"robots\" content=\"index, follow, max-snippet:-1, max-image-preview:large, max-video-preview:-1\" \/>\n<link rel=\"canonical\" href=\"https:\/\/ttw.nl\/en\/contact\/\" \/>\n<meta property=\"og:locale\" content=\"en_GB\" \/>\n<meta property=\"og:type\" content=\"article\" \/>\n<meta property=\"og:title\" content=\"Contact - TTW-Systeem B.V.\" \/>\n<meta property=\"og:description\" content=\"Contact Een vraag of meer informatie? Tijdens werkdagen: 08.00 &#8211; 17.00 Reactie binnen \u00e9\u00e9n werkdag Bezoek alleen op afspraak Contactformulier Reactie binnen \u00e9\u00e9n werkdag\" \/>\n<meta property=\"og:url\" content=\"https:\/\/ttw.nl\/en\/contact\/\" \/>\n<meta property=\"og:site_name\" content=\"TTW-Systeem B.V.\" \/>\n<meta property=\"article:modified_time\" content=\"2025-08-28T10:49:55+00:00\" \/>\n<meta property=\"og:image\" content=\"https:\/\/ttw.nl\/wp-content\/uploads\/2025\/08\/Jos-Vrolijk-TTW-Sommelsdijk-18-scaled-1.webp\" \/>\n\t<meta property=\"og:image:width\" content=\"2048\" \/>\n\t<meta property=\"og:image:height\" content=\"1152\" \/>\n\t<meta property=\"og:image:type\" content=\"image\/webp\" \/>\n<meta name=\"twitter:card\" content=\"summary_large_image\" \/>\n<meta name=\"twitter:label1\" content=\"Est. reading time\" \/>\n\t<meta name=\"twitter:data1\" content=\"1 minute\" \/>\n<script type=\"application\/ld+json\" class=\"yoast-schema-graph\">{\"@context\":\"https:\\\/\\\/schema.org\",\"@graph\":[{\"@type\":\"WebPage\",\"@id\":\"https:\\\/\\\/ttw.nl\\\/contact\\\/\",\"url\":\"https:\\\/\\\/ttw.nl\\\/contact\\\/\",\"name\":\"Contact - TTW-Systeem B.V.\",\"isPartOf\":{\"@id\":\"https:\\\/\\\/ttw.nl\\\/#website\"},\"primaryImageOfPage\":{\"@id\":\"https:\\\/\\\/ttw.nl\\\/contact\\\/#primaryimage\"},\"image\":{\"@id\":\"https:\\\/\\\/ttw.nl\\\/contact\\\/#primaryimage\"},\"thumbnailUrl\":\"https:\\\/\\\/ttw.nl\\\/wp-content\\\/uploads\\\/2025\\\/08\\\/Jos-Vrolijk-TTW-Sommelsdijk-18-scaled-1.webp\",\"datePublished\":\"2025-07-25T08:48:01+00:00\",\"dateModified\":\"2025-08-28T10:49:55+00:00\",\"breadcrumb\":{\"@id\":\"https:\\\/\\\/ttw.nl\\\/contact\\\/#breadcrumb\"},\"inLanguage\":\"en-GB\",\"potentialAction\":[{\"@type\":\"ReadAction\",\"target\":[\"https:\\\/\\\/ttw.nl\\\/contact\\\/\"]}]},{\"@type\":\"ImageObject\",\"inLanguage\":\"en-GB\",\"@id\":\"https:\\\/\\\/ttw.nl\\\/contact\\\/#primaryimage\",\"url\":\"https:\\\/\\\/ttw.nl\\\/wp-content\\\/uploads\\\/2025\\\/08\\\/Jos-Vrolijk-TTW-Sommelsdijk-18-scaled-1.webp\",\"contentUrl\":\"https:\\\/\\\/ttw.nl\\\/wp-content\\\/uploads\\\/2025\\\/08\\\/Jos-Vrolijk-TTW-Sommelsdijk-18-scaled-1.webp\",\"width\":2048,\"height\":1152},{\"@type\":\"BreadcrumbList\",\"@id\":\"https:\\\/\\\/ttw.nl\\\/contact\\\/#breadcrumb\",\"itemListElement\":[{\"@type\":\"ListItem\",\"position\":1,\"name\":\"Home\",\"item\":\"https:\\\/\\\/ttw.nl\\\/\"},{\"@type\":\"ListItem\",\"position\":2,\"name\":\"Contact\"}]},{\"@type\":\"WebSite\",\"@id\":\"https:\\\/\\\/ttw.nl\\\/#website\",\"url\":\"https:\\\/\\\/ttw.nl\\\/\",\"name\":\"TTW-Systeem B.V.\",\"description\":\"\",\"publisher\":{\"@id\":\"https:\\\/\\\/ttw.nl\\\/#organization\"},\"potentialAction\":[{\"@type\":\"SearchAction\",\"target\":{\"@type\":\"EntryPoint\",\"urlTemplate\":\"https:\\\/\\\/ttw.nl\\\/?s={search_term_string}\"},\"query-input\":{\"@type\":\"PropertyValueSpecification\",\"valueRequired\":true,\"valueName\":\"search_term_string\"}}],\"inLanguage\":\"en-GB\"},{\"@type\":\"Organization\",\"@id\":\"https:\\\/\\\/ttw.nl\\\/#organization\",\"name\":\"TTW-Systeem B.V.\",\"url\":\"https:\\\/\\\/ttw.nl\\\/\",\"logo\":{\"@type\":\"ImageObject\",\"inLanguage\":\"en-GB\",\"@id\":\"https:\\\/\\\/ttw.nl\\\/#\\\/schema\\\/logo\\\/image\\\/\",\"url\":\"https:\\\/\\\/ttw.nl\\\/wp-content\\\/uploads\\\/2023\\\/02\\\/Logo-TTW-New-color.png\",\"contentUrl\":\"https:\\\/\\\/ttw.nl\\\/wp-content\\\/uploads\\\/2023\\\/02\\\/Logo-TTW-New-color.png\",\"width\":680,\"height\":284,\"caption\":\"TTW-Systeem B.V.\"},\"image\":{\"@id\":\"https:\\\/\\\/ttw.nl\\\/#\\\/schema\\\/logo\\\/image\\\/\"}}]}<\/script>\n<!-- \/ Yoast SEO plugin. -->","yoast_head_json":{"title":"Contact - TTW-System B.V.","robots":{"index":"index","follow":"follow","max-snippet":"max-snippet:-1","max-image-preview":"max-image-preview:large","max-video-preview":"max-video-preview:-1"},"canonical":"https:\/\/ttw.nl\/en\/contact\/","og_locale":"en_GB","og_type":"article","og_title":"Contact - TTW-Systeem B.V.","og_description":"Contact Een vraag of meer informatie? Tijdens werkdagen: 08.00 &#8211; 17.00 Reactie binnen \u00e9\u00e9n werkdag Bezoek alleen op afspraak Contactformulier Reactie binnen \u00e9\u00e9n werkdag","og_url":"https:\/\/ttw.nl\/en\/contact\/","og_site_name":"TTW-Systeem B.V.","article_modified_time":"2025-08-28T10:49:55+00:00","og_image":[{"width":2048,"height":1152,"url":"https:\/\/ttw.nl\/wp-content\/uploads\/2025\/08\/Jos-Vrolijk-TTW-Sommelsdijk-18-scaled-1.webp","type":"image\/webp"}],"twitter_card":"summary_large_image","twitter_misc":{"Est. reading time":"1 minute"},"schema":{"@context":"https:\/\/schema.org","@graph":[{"@type":"WebPage","@id":"https:\/\/ttw.nl\/contact\/","url":"https:\/\/ttw.nl\/contact\/","name":"Contact - TTW-System B.V.","isPartOf":{"@id":"https:\/\/ttw.nl\/#website"},"primaryImageOfPage":{"@id":"https:\/\/ttw.nl\/contact\/#primaryimage"},"image":{"@id":"https:\/\/ttw.nl\/contact\/#primaryimage"},"thumbnailUrl":"https:\/\/ttw.nl\/wp-content\/uploads\/2025\/08\/Jos-Vrolijk-TTW-Sommelsdijk-18-scaled-1.webp","datePublished":"2025-07-25T08:48:01+00:00","dateModified":"2025-08-28T10:49:55+00:00","breadcrumb":{"@id":"https:\/\/ttw.nl\/contact\/#breadcrumb"},"inLanguage":"en-GB","potentialAction":[{"@type":"ReadAction","target":["https:\/\/ttw.nl\/contact\/"]}]},{"@type":"ImageObject","inLanguage":"en-GB","@id":"https:\/\/ttw.nl\/contact\/#primaryimage","url":"https:\/\/ttw.nl\/wp-content\/uploads\/2025\/08\/Jos-Vrolijk-TTW-Sommelsdijk-18-scaled-1.webp","contentUrl":"https:\/\/ttw.nl\/wp-content\/uploads\/2025\/08\/Jos-Vrolijk-TTW-Sommelsdijk-18-scaled-1.webp","width":2048,"height":1152},{"@type":"BreadcrumbList","@id":"https:\/\/ttw.nl\/contact\/#breadcrumb","itemListElement":[{"@type":"ListItem","position":1,"name":"Home","item":"https:\/\/ttw.nl\/"},{"@type":"ListItem","position":2,"name":"Contact"}]},{"@type":"WebSite","@id":"https:\/\/ttw.nl\/#website","url":"https:\/\/ttw.nl\/","name":"TTW-System B.V.","description":"","publisher":{"@id":"https:\/\/ttw.nl\/#organization"},"potentialAction":[{"@type":"SearchAction","target":{"@type":"EntryPoint","urlTemplate":"https:\/\/ttw.nl\/?s={search_term_string}"},"query-input":{"@type":"PropertyValueSpecification","valueRequired":true,"valueName":"search_term_string"}}],"inLanguage":"en-GB"},{"@type":"Organization","@id":"https:\/\/ttw.nl\/#organization","name":"TTW-System B.V.","url":"https:\/\/ttw.nl\/","logo":{"@type":"ImageObject","inLanguage":"en-GB","@id":"https:\/\/ttw.nl\/#\/schema\/logo\/image\/","url":"https:\/\/ttw.nl\/wp-content\/uploads\/2023\/02\/Logo-TTW-New-color.png","contentUrl":"https:\/\/ttw.nl\/wp-content\/uploads\/2023\/02\/Logo-TTW-New-color.png","width":680,"height":284,"caption":"TTW-Systeem B.V."},"image":{"@id":"https:\/\/ttw.nl\/#\/schema\/logo\/image\/"}}]}},"_links":{"self":[{"href":"https:\/\/ttw.nl\/en\/wp-json\/wp\/v2\/pages\/368","targetHints":{"allow":["GET"]}}],"collection":[{"href":"https:\/\/ttw.nl\/en\/wp-json\/wp\/v2\/pages"}],"about":[{"href":"https:\/\/ttw.nl\/en\/wp-json\/wp\/v2\/types\/page"}],"author":[{"embeddable":true,"href":"https:\/\/ttw.nl\/en\/wp-json\/wp\/v2\/users\/1"}],"replies":[{"embeddable":true,"href":"https:\/\/ttw.nl\/en\/wp-json\/wp\/v2\/comments?post=368"}],"version-history":[{"count":66,"href":"https:\/\/ttw.nl\/en\/wp-json\/wp\/v2\/pages\/368\/revisions"}],"predecessor-version":[{"id":1199,"href":"https:\/\/ttw.nl\/en\/wp-json\/wp\/v2\/pages\/368\/revisions\/1199"}],"wp:featuredmedia":[{"embeddable":true,"href":"https:\/\/ttw.nl\/en\/wp-json\/wp\/v2\/media\/1158"}],"wp:attachment":[{"href":"https:\/\/ttw.nl\/en\/wp-json\/wp\/v2\/media?parent=368"}],"curies":[{"name":"wp","href":"https:\/\/api.w.org\/{rel}","templated":true}]}}